{"id":1877,"date":"2025-06-05T14:11:17","date_gmt":"2025-06-05T14:11:17","guid":{"rendered":"https:\/\/mercaditoma.com\/?page_id=1877"},"modified":"2025-06-18T22:12:58","modified_gmt":"2025-06-18T22:12:58","slug":"floristeria-bambu-kiosko","status":"publish","type":"page","link":"https:\/\/mercaditoma.com\/en\/floristeria-bambu-kiosko\/","title":{"rendered":"Florister\u00eda Bamb\u00fa\u00a0 Kiosko"},"content":{"rendered":"<div data-elementor-type=\"wp-page\" data-elementor-id=\"1877\" class=\"elementor elementor-1877\" data-elementor-post-type=\"page\">\n\t\t\t\t<div class=\"elementor-element elementor-element-db82ea4 e-flex e-con-boxed e-con e-parent\" data-id=\"db82ea4\" data-element_type=\"container\" data-e-type=\"container\">\n\t\t\t\t\t<div class=\"e-con-inner\">\n\t\t\t\t<div class=\"elementor-element elementor-element-4f09a45 elementor-widget elementor-widget-heading\" data-id=\"4f09a45\" data-element_type=\"widget\" data-e-type=\"widget\" data-widget_type=\"heading.default\">\n\t\t\t\t<div class=\"elementor-widget-container\">\n\t\t\t\t\t<h2 class=\"elementor-heading-title elementor-size-default\">Bamboo Florist <\/h2>\t\t\t\t<\/div>\n\t\t\t\t<\/div>\n\t\t\t\t<div class=\"elementor-element elementor-element-cdec46b elementor-widget elementor-widget-image\" data-id=\"cdec46b\" data-element_type=\"widget\" data-e-type=\"widget\" data-widget_type=\"image.default\">\n\t\t\t\t<div class=\"elementor-widget-container\">\n\t\t\t\t\t\t\t\t\t\t\t\t\t\t\t<img fetchpriority=\"high\" decoding=\"async\" width=\"1024\" height=\"969\" src=\"https:\/\/i0.wp.com\/mercaditoma.com\/wp-content\/uploads\/2025\/03\/Bambu-Logo.jpg?fit=1024%2C969&amp;ssl=1\" class=\"attachment-large size-large wp-image-1097\" alt=\"\" srcset=\"https:\/\/i0.wp.com\/mercaditoma.com\/wp-content\/uploads\/2025\/03\/Bambu-Logo.jpg?w=1600&amp;ssl=1 1600w, https:\/\/i0.wp.com\/mercaditoma.com\/wp-content\/uploads\/2025\/03\/Bambu-Logo.jpg?resize=300%2C284&amp;ssl=1 300w, https:\/\/i0.wp.com\/mercaditoma.com\/wp-content\/uploads\/2025\/03\/Bambu-Logo.jpg?resize=1024%2C969&amp;ssl=1 1024w, https:\/\/i0.wp.com\/mercaditoma.com\/wp-content\/uploads\/2025\/03\/Bambu-Logo.jpg?resize=768%2C727&amp;ssl=1 768w, https:\/\/i0.wp.com\/mercaditoma.com\/wp-content\/uploads\/2025\/03\/Bambu-Logo.jpg?resize=1536%2C1453&amp;ssl=1 1536w\" sizes=\"(max-width: 1024px) 100vw, 1024px\" \/>\t\t\t\t\t\t\t\t\t\t\t\t\t\t\t<\/div>\n\t\t\t\t<\/div>\n\t\t\t\t<div class=\"elementor-element elementor-element-667f4e3 elementor-widget elementor-widget-html\" data-id=\"667f4e3\" data-element_type=\"widget\" data-e-type=\"widget\" data-widget_type=\"html.default\">\n\t\t\t\t<div class=\"elementor-widget-container\">\n\t\t\t\t\t<script>\ndocument.addEventListener(\"DOMContentLoaded\", function () {\n    const lang = document.documentElement.lang;\n\n    const currentLangLink = document.querySelector('#trp-floater-ls-current-language a');\n\n    if (currentLangLink) {\n        if (lang.startsWith(\"es\")) {\n            currentLangLink.textContent = \"Switch to English\";\n        } else if (lang.startsWith(\"en\")) {\n            currentLangLink.textContent = \"Cambiar a Espa\u00f1ol\";\n        }\n    }\n});\n<\/script>\n\t\t\t\t<\/div>\n\t\t\t\t<\/div>\n\t\t\t\t<div class=\"elementor-element elementor-element-a7231bb elementor-align-center elementor-fixed elementor-widget elementor-widget-button\" data-id=\"a7231bb\" data-element_type=\"widget\" data-e-type=\"widget\" data-settings=\"{&quot;_position&quot;:&quot;fixed&quot;}\" data-widget_type=\"button.default\">\n\t\t\t\t<div class=\"elementor-widget-container\">\n\t\t\t\t\t\t\t\t\t<div class=\"elementor-button-wrapper\">\n\t\t\t\t\t<a class=\"elementor-button elementor-button-link elementor-size-sm\" href=\"https:\/\/mercaditoma.com\/en\/restaurantes-y-tiendas-kiosko\/\">\n\t\t\t\t\t\t<span class=\"elementor-button-content-wrapper\">\n\t\t\t\t\t\t\t\t\t<span class=\"elementor-button-text\">Return to the main page<\/span>\n\t\t\t\t\t<\/span>\n\t\t\t\t\t<\/a>\n\t\t\t\t<\/div>\n\t\t\t\t\t\t\t\t<\/div>\n\t\t\t\t<\/div>\n\t\t<div class=\"elementor-element elementor-element-5203c85 e-con-full e-flex e-con e-child\" data-id=\"5203c85\" data-element_type=\"container\" data-e-type=\"container\">\n\t\t\t\t<div class=\"elementor-element elementor-element-8f678e1 elementor-widget-divider--view-line elementor-widget elementor-widget-divider\" data-id=\"8f678e1\" data-element_type=\"widget\" data-e-type=\"widget\" data-widget_type=\"divider.default\">\n\t\t\t\t<div class=\"elementor-widget-container\">\n\t\t\t\t\t\t\t<div class=\"elementor-divider\">\n\t\t\t<span class=\"elementor-divider-separator\">\n\t\t\t\t\t\t<\/span>\n\t\t<\/div>\n\t\t\t\t\t\t<\/div>\n\t\t\t\t<\/div>\n\t\t\t\t<div class=\"elementor-element elementor-element-6178cb5 elementor-align-center elementor-widget elementor-widget-button\" data-id=\"6178cb5\" data-element_type=\"widget\" data-e-type=\"widget\" data-widget_type=\"button.default\">\n\t\t\t\t<div class=\"elementor-widget-container\">\n\t\t\t\t\t\t\t\t\t<div class=\"elementor-button-wrapper\">\n\t\t\t\t\t<a class=\"elementor-button elementor-button-link elementor-size-sm\" href=\"https:\/\/mercaditoma.com\/en\/restaurantes-y-tiendas-kiosko\/\">\n\t\t\t\t\t\t<span class=\"elementor-button-content-wrapper\">\n\t\t\t\t\t\t\t\t\t<span class=\"elementor-button-text\">Return to the main page<\/span>\n\t\t\t\t\t<\/span>\n\t\t\t\t\t<\/a>\n\t\t\t\t<\/div>\n\t\t\t\t\t\t\t\t<\/div>\n\t\t\t\t<\/div>\n\t\t\t\t<\/div>\n\t\t\t\t<div class=\"elementor-element elementor-element-863257f elementor-widget-divider--view-line elementor-widget elementor-widget-divider\" data-id=\"863257f\" data-element_type=\"widget\" data-e-type=\"widget\" data-widget_type=\"divider.default\">\n\t\t\t\t<div class=\"elementor-widget-container\">\n\t\t\t\t\t\t\t<div class=\"elementor-divider\">\n\t\t\t<span class=\"elementor-divider-separator\">\n\t\t\t\t\t\t<\/span>\n\t\t<\/div>\n\t\t\t\t\t\t<\/div>\n\t\t\t\t<\/div>\n\t\t\t\t\t<\/div>\n\t\t\t\t<\/div>\n\t\t<div class=\"elementor-element elementor-element-3594869 e-grid e-con-boxed e-con e-parent\" data-id=\"3594869\" data-element_type=\"container\" data-e-type=\"container\">\n\t\t\t\t\t<div class=\"e-con-inner\">\n\t\t\t\t<div class=\"elementor-element elementor-element-f9bf46b elementor-widget elementor-widget-image\" data-id=\"f9bf46b\" data-element_type=\"widget\" data-e-type=\"widget\" data-widget_type=\"image.default\">\n\t\t\t\t<div class=\"elementor-widget-container\">\n\t\t\t\t\t\t\t\t\t\t\t\t\t\t\t<img decoding=\"async\" width=\"820\" height=\"1024\" src=\"https:\/\/i0.wp.com\/mercaditoma.com\/wp-content\/uploads\/2025\/06\/Floristeria2.jpeg?fit=820%2C1024&amp;ssl=1\" class=\"attachment-large size-large wp-image-1960\" alt=\"\" srcset=\"https:\/\/i0.wp.com\/mercaditoma.com\/wp-content\/uploads\/2025\/06\/Floristeria2.jpeg?w=1025&amp;ssl=1 1025w, https:\/\/i0.wp.com\/mercaditoma.com\/wp-content\/uploads\/2025\/06\/Floristeria2.jpeg?resize=240%2C300&amp;ssl=1 240w, https:\/\/i0.wp.com\/mercaditoma.com\/wp-content\/uploads\/2025\/06\/Floristeria2.jpeg?resize=820%2C1024&amp;ssl=1 820w, https:\/\/i0.wp.com\/mercaditoma.com\/wp-content\/uploads\/2025\/06\/Floristeria2.jpeg?resize=768%2C959&amp;ssl=1 768w, https:\/\/i0.wp.com\/mercaditoma.com\/wp-content\/uploads\/2025\/06\/Floristeria2.jpeg?resize=10%2C12&amp;ssl=1 10w\" sizes=\"(max-width: 820px) 100vw, 820px\" \/>\t\t\t\t\t\t\t\t\t\t\t\t\t\t\t<\/div>\n\t\t\t\t<\/div>\n\t\t\t\t<div class=\"elementor-element elementor-element-7359e67 elementor-widget elementor-widget-image\" data-id=\"7359e67\" data-element_type=\"widget\" data-e-type=\"widget\" data-widget_type=\"image.default\">\n\t\t\t\t<div class=\"elementor-widget-container\">\n\t\t\t\t\t\t\t\t\t\t\t\t\t\t\t<img decoding=\"async\" width=\"577\" height=\"1024\" src=\"https:\/\/i0.wp.com\/mercaditoma.com\/wp-content\/uploads\/2025\/06\/Floristeria4.jpeg?fit=577%2C1024&amp;ssl=1\" class=\"attachment-large size-large wp-image-1958\" alt=\"\" srcset=\"https:\/\/i0.wp.com\/mercaditoma.com\/wp-content\/uploads\/2025\/06\/Floristeria4.jpeg?w=721&amp;ssl=1 721w, https:\/\/i0.wp.com\/mercaditoma.com\/wp-content\/uploads\/2025\/06\/Floristeria4.jpeg?resize=169%2C300&amp;ssl=1 169w, https:\/\/i0.wp.com\/mercaditoma.com\/wp-content\/uploads\/2025\/06\/Floristeria4.jpeg?resize=577%2C1024&amp;ssl=1 577w, https:\/\/i0.wp.com\/mercaditoma.com\/wp-content\/uploads\/2025\/06\/Floristeria4.jpeg?resize=7%2C12&amp;ssl=1 7w\" sizes=\"(max-width: 577px) 100vw, 577px\" \/>\t\t\t\t\t\t\t\t\t\t\t\t\t\t\t<\/div>\n\t\t\t\t<\/div>\n\t\t\t\t<div class=\"elementor-element elementor-element-57e7690 elementor-widget elementor-widget-image\" data-id=\"57e7690\" data-element_type=\"widget\" data-e-type=\"widget\" data-widget_type=\"image.default\">\n\t\t\t\t<div class=\"elementor-widget-container\">\n\t\t\t\t\t\t\t\t\t\t\t\t\t\t\t<img loading=\"lazy\" decoding=\"async\" width=\"828\" height=\"1024\" src=\"https:\/\/i0.wp.com\/mercaditoma.com\/wp-content\/uploads\/2025\/06\/Floristeria3.jpeg?fit=828%2C1024&amp;ssl=1\" class=\"attachment-large size-large wp-image-1959\" alt=\"\" srcset=\"https:\/\/i0.wp.com\/mercaditoma.com\/wp-content\/uploads\/2025\/06\/Floristeria3.jpeg?w=1035&amp;ssl=1 1035w, https:\/\/i0.wp.com\/mercaditoma.com\/wp-content\/uploads\/2025\/06\/Floristeria3.jpeg?resize=243%2C300&amp;ssl=1 243w, https:\/\/i0.wp.com\/mercaditoma.com\/wp-content\/uploads\/2025\/06\/Floristeria3.jpeg?resize=828%2C1024&amp;ssl=1 828w, https:\/\/i0.wp.com\/mercaditoma.com\/wp-content\/uploads\/2025\/06\/Floristeria3.jpeg?resize=768%2C950&amp;ssl=1 768w, https:\/\/i0.wp.com\/mercaditoma.com\/wp-content\/uploads\/2025\/06\/Floristeria3.jpeg?resize=10%2C12&amp;ssl=1 10w\" sizes=\"(max-width: 828px) 100vw, 828px\" \/>\t\t\t\t\t\t\t\t\t\t\t\t\t\t\t<\/div>\n\t\t\t\t<\/div>\n\t\t\t\t\t<\/div>\n\t\t\t\t<\/div>\n\t\t\t\t<\/div>","protected":false},"excerpt":{"rendered":"<p>Florister\u00eda Bamb\u00fa Volver a la pagina principal Volver a la pagina principal<\/p>","protected":false},"author":3,"featured_media":1097,"parent":0,"menu_order":0,"comment_status":"closed","ping_status":"closed","template":"","meta":{"nf_dc_page":"","om_disable_all_campaigns":false,"_monsterinsights_skip_tracking":false,"_monsterinsights_sitenote_active":false,"_monsterinsights_sitenote_note":"","_monsterinsights_sitenote_category":0,"site-sidebar-layout":"no-sidebar","site-content-layout":"page-builder","ast-site-content-layout":"full-width-container","site-content-style":"default","site-sidebar-style":"default","ast-global-header-display":"disabled","ast-banner-title-visibility":"","ast-main-header-display":"","ast-hfb-above-header-display":"","ast-hfb-below-header-display":"","ast-hfb-mobile-header-display":"","site-post-title":"disabled","ast-breadcrumbs-content":"","ast-featured-img":"disabled","footer-sml-layout":"disabled","ast-disable-related-posts":"","theme-transparent-header-meta":"","adv-header-id-meta":"","stick-header-meta":"","header-above-stick-meta":"","header-main-stick-meta":"","header-below-stick-meta":"","astra-migrate-meta-layouts":"set","ast-page-background-enabled":"default","ast-page-background-meta":{"desktop":{"background-color":"","background-image":"","background-repeat":"repeat","background-position":"center center","background-size":"auto","background-attachment":"scroll","background-type":"","background-media":"","overlay-type":"","overlay-color":"","overlay-opacity":"","overlay-gradient":""},"tablet":{"background-color":"","background-image":"","background-repeat":"repeat","background-position":"center center","background-size":"auto","background-attachment":"scroll","background-type":"","background-media":"","overlay-type":"","overlay-color":"","overlay-opacity":"","overlay-gradient":""},"mobile":{"background-color":"","background-image":"","background-repeat":"repeat","background-position":"center center","background-size":"auto","background-attachment":"scroll","background-type":"","background-media":"","overlay-type":"","overlay-color":"","overlay-opacity":"","overlay-gradient":""}},"ast-content-background-meta":{"desktop":{"background-color":"var(--ast-global-color-5)","background-image":"","background-repeat":"repeat","background-position":"center center","background-size":"auto","background-attachment":"scroll","background-type":"","background-media":"","overlay-type":"","overlay-color":"","overlay-opacity":"","overlay-gradient":""},"tablet":{"background-color":"var(--ast-global-color-5)","background-image":"","background-repeat":"repeat","background-position":"center center","background-size":"auto","background-attachment":"scroll","background-type":"","background-media":"","overlay-type":"","overlay-color":"","overlay-opacity":"","overlay-gradient":""},"mobile":{"background-color":"var(--ast-global-color-5)","background-image":"","background-repeat":"repeat","background-position":"center center","background-size":"auto","background-attachment":"scroll","background-type":"","background-media":"","overlay-type":"","overlay-color":"","overlay-opacity":"","overlay-gradient":""}},"footnotes":""},"class_list":["post-1877","page","type-page","status-publish","has-post-thumbnail","hentry"],"yoast_head":"<!-- This site is optimized with the Yoast SEO plugin v27.4 - https:\/\/yoast.com\/product\/yoast-seo-wordpress\/ -->\n<title>Florister\u00eda Bamb\u00fa\u00a0 Kiosko - Mercadito Gastron\u00f3mico Manuel Antonio<\/title>\n<meta name=\"robots\" content=\"index, follow, max-snippet:-1, max-image-preview:large, max-video-preview:-1\" \/>\n<link rel=\"canonical\" href=\"https:\/\/mercaditoma.com\/en\/floristeria-bambu-kiosko\/\" \/>\n<meta property=\"og:locale\" content=\"en_US\" \/>\n<meta property=\"og:type\" content=\"article\" \/>\n<meta property=\"og:title\" content=\"Florister\u00eda Bamb\u00fa\u00a0 Kiosko - Mercadito Gastron\u00f3mico Manuel Antonio\" \/>\n<meta property=\"og:description\" content=\"Florister\u00eda Bamb\u00fa Volver a la pagina principal Volver a la pagina principal\" \/>\n<meta property=\"og:url\" content=\"https:\/\/mercaditoma.com\/en\/floristeria-bambu-kiosko\/\" \/>\n<meta property=\"og:site_name\" content=\"Mercadito Gastron\u00f3mico Manuel Antonio\" \/>\n<meta property=\"article:modified_time\" content=\"2025-06-18T22:12:58+00:00\" \/>\n<meta property=\"og:image\" content=\"https:\/\/mercaditoma.com\/wp-content\/uploads\/2025\/03\/Bambu-Logo.jpg\" \/>\n\t<meta property=\"og:image:width\" content=\"1600\" \/>\n\t<meta property=\"og:image:height\" content=\"1514\" \/>\n\t<meta property=\"og:image:type\" content=\"image\/jpeg\" \/>\n<meta name=\"twitter:card\" content=\"summary_large_image\" \/>\n<meta name=\"twitter:label1\" content=\"Est. reading time\" \/>\n\t<meta name=\"twitter:data1\" content=\"1 minute\" \/>\n<script type=\"application\/ld+json\" class=\"yoast-schema-graph\">{\"@context\":\"https:\\\/\\\/schema.org\",\"@graph\":[{\"@type\":\"WebPage\",\"@id\":\"https:\\\/\\\/mercaditoma.com\\\/floristeria-bambu-kiosko\\\/\",\"url\":\"https:\\\/\\\/mercaditoma.com\\\/floristeria-bambu-kiosko\\\/\",\"name\":\"Florister\u00eda Bamb\u00fa\u00a0 Kiosko - Mercadito Gastron\u00f3mico Manuel Antonio\",\"isPartOf\":{\"@id\":\"https:\\\/\\\/mercaditoma.com\\\/#website\"},\"primaryImageOfPage\":{\"@id\":\"https:\\\/\\\/mercaditoma.com\\\/floristeria-bambu-kiosko\\\/#primaryimage\"},\"image\":{\"@id\":\"https:\\\/\\\/mercaditoma.com\\\/floristeria-bambu-kiosko\\\/#primaryimage\"},\"thumbnailUrl\":\"https:\\\/\\\/i0.wp.com\\\/mercaditoma.com\\\/wp-content\\\/uploads\\\/2025\\\/03\\\/Bambu-Logo.jpg?fit=1600%2C1514&ssl=1\",\"datePublished\":\"2025-06-05T14:11:17+00:00\",\"dateModified\":\"2025-06-18T22:12:58+00:00\",\"breadcrumb\":{\"@id\":\"https:\\\/\\\/mercaditoma.com\\\/floristeria-bambu-kiosko\\\/#breadcrumb\"},\"inLanguage\":\"en-US\",\"potentialAction\":[{\"@type\":\"ReadAction\",\"target\":[\"https:\\\/\\\/mercaditoma.com\\\/floristeria-bambu-kiosko\\\/\"]}]},{\"@type\":\"ImageObject\",\"inLanguage\":\"en-US\",\"@id\":\"https:\\\/\\\/mercaditoma.com\\\/floristeria-bambu-kiosko\\\/#primaryimage\",\"url\":\"https:\\\/\\\/i0.wp.com\\\/mercaditoma.com\\\/wp-content\\\/uploads\\\/2025\\\/03\\\/Bambu-Logo.jpg?fit=1600%2C1514&ssl=1\",\"contentUrl\":\"https:\\\/\\\/i0.wp.com\\\/mercaditoma.com\\\/wp-content\\\/uploads\\\/2025\\\/03\\\/Bambu-Logo.jpg?fit=1600%2C1514&ssl=1\",\"width\":1600,\"height\":1514},{\"@type\":\"BreadcrumbList\",\"@id\":\"https:\\\/\\\/mercaditoma.com\\\/floristeria-bambu-kiosko\\\/#breadcrumb\",\"itemListElement\":[{\"@type\":\"ListItem\",\"position\":1,\"name\":\"Home\",\"item\":\"https:\\\/\\\/mercaditoma.com\\\/\"},{\"@type\":\"ListItem\",\"position\":2,\"name\":\"Florister\u00eda Bamb\u00fa\u00a0 Kiosko\"}]},{\"@type\":\"WebSite\",\"@id\":\"https:\\\/\\\/mercaditoma.com\\\/#website\",\"url\":\"https:\\\/\\\/mercaditoma.com\\\/\",\"name\":\"Mercadito Gastron\u00f3mico Manuel Antonio\",\"description\":\"El Mercadido un lugar de emprendedores locales en restaurantes y tiendas en un lugar localizado en el corazon de Manuel Antonio\",\"publisher\":{\"@id\":\"https:\\\/\\\/mercaditoma.com\\\/#organization\"},\"potentialAction\":[{\"@type\":\"SearchAction\",\"target\":{\"@type\":\"EntryPoint\",\"urlTemplate\":\"https:\\\/\\\/mercaditoma.com\\\/?s={search_term_string}\"},\"query-input\":{\"@type\":\"PropertyValueSpecification\",\"valueRequired\":true,\"valueName\":\"search_term_string\"}}],\"inLanguage\":\"en-US\"},{\"@type\":\"Organization\",\"@id\":\"https:\\\/\\\/mercaditoma.com\\\/#organization\",\"name\":\"Mercadito Gastron\u00f3mico Manuel Antonio\",\"url\":\"https:\\\/\\\/mercaditoma.com\\\/\",\"logo\":{\"@type\":\"ImageObject\",\"inLanguage\":\"en-US\",\"@id\":\"https:\\\/\\\/mercaditoma.com\\\/#\\\/schema\\\/logo\\\/image\\\/\",\"url\":\"https:\\\/\\\/i0.wp.com\\\/mercaditoma.com\\\/wp-content\\\/uploads\\\/2025\\\/03\\\/indio_white_sf-2-1.jpg?fit=300%2C328&ssl=1\",\"contentUrl\":\"https:\\\/\\\/i0.wp.com\\\/mercaditoma.com\\\/wp-content\\\/uploads\\\/2025\\\/03\\\/indio_white_sf-2-1.jpg?fit=300%2C328&ssl=1\",\"width\":300,\"height\":328,\"caption\":\"Mercadito Gastron\u00f3mico Manuel Antonio\"},\"image\":{\"@id\":\"https:\\\/\\\/mercaditoma.com\\\/#\\\/schema\\\/logo\\\/image\\\/\"}}]}<\/script>\n<!-- \/ Yoast SEO plugin. -->","yoast_head_json":{"title":"Florister\u00eda Bamb\u00fa\u00a0 Kiosko - Mercadito Gastron\u00f3mico Manuel Antonio","robots":{"index":"index","follow":"follow","max-snippet":"max-snippet:-1","max-image-preview":"max-image-preview:large","max-video-preview":"max-video-preview:-1"},"canonical":"https:\/\/mercaditoma.com\/en\/floristeria-bambu-kiosko\/","og_locale":"en_US","og_type":"article","og_title":"Florister\u00eda Bamb\u00fa\u00a0 Kiosko - Mercadito Gastron\u00f3mico Manuel Antonio","og_description":"Florister\u00eda Bamb\u00fa Volver a la pagina principal Volver a la pagina principal","og_url":"https:\/\/mercaditoma.com\/en\/floristeria-bambu-kiosko\/","og_site_name":"Mercadito Gastron\u00f3mico Manuel Antonio","article_modified_time":"2025-06-18T22:12:58+00:00","og_image":[{"width":1600,"height":1514,"url":"https:\/\/mercaditoma.com\/wp-content\/uploads\/2025\/03\/Bambu-Logo.jpg","type":"image\/jpeg"}],"twitter_card":"summary_large_image","twitter_misc":{"Est. reading time":"1 minute"},"schema":{"@context":"https:\/\/schema.org","@graph":[{"@type":"WebPage","@id":"https:\/\/mercaditoma.com\/floristeria-bambu-kiosko\/","url":"https:\/\/mercaditoma.com\/floristeria-bambu-kiosko\/","name":"Florister\u00eda Bamb\u00fa\u00a0 Kiosko - Mercadito Gastron\u00f3mico Manuel Antonio","isPartOf":{"@id":"https:\/\/mercaditoma.com\/#website"},"primaryImageOfPage":{"@id":"https:\/\/mercaditoma.com\/floristeria-bambu-kiosko\/#primaryimage"},"image":{"@id":"https:\/\/mercaditoma.com\/floristeria-bambu-kiosko\/#primaryimage"},"thumbnailUrl":"https:\/\/i0.wp.com\/mercaditoma.com\/wp-content\/uploads\/2025\/03\/Bambu-Logo.jpg?fit=1600%2C1514&ssl=1","datePublished":"2025-06-05T14:11:17+00:00","dateModified":"2025-06-18T22:12:58+00:00","breadcrumb":{"@id":"https:\/\/mercaditoma.com\/floristeria-bambu-kiosko\/#breadcrumb"},"inLanguage":"en-US","potentialAction":[{"@type":"ReadAction","target":["https:\/\/mercaditoma.com\/floristeria-bambu-kiosko\/"]}]},{"@type":"ImageObject","inLanguage":"en-US","@id":"https:\/\/mercaditoma.com\/floristeria-bambu-kiosko\/#primaryimage","url":"https:\/\/i0.wp.com\/mercaditoma.com\/wp-content\/uploads\/2025\/03\/Bambu-Logo.jpg?fit=1600%2C1514&ssl=1","contentUrl":"https:\/\/i0.wp.com\/mercaditoma.com\/wp-content\/uploads\/2025\/03\/Bambu-Logo.jpg?fit=1600%2C1514&ssl=1","width":1600,"height":1514},{"@type":"BreadcrumbList","@id":"https:\/\/mercaditoma.com\/floristeria-bambu-kiosko\/#breadcrumb","itemListElement":[{"@type":"ListItem","position":1,"name":"Home","item":"https:\/\/mercaditoma.com\/"},{"@type":"ListItem","position":2,"name":"Florister\u00eda Bamb\u00fa\u00a0 Kiosko"}]},{"@type":"WebSite","@id":"https:\/\/mercaditoma.com\/#website","url":"https:\/\/mercaditoma.com\/","name":"Manuel Antonio Gastronomic Market","description":"El Mercado, a place of local entrepreneurs in restaurants and shops, located in the heart of Manuel Antonio.","publisher":{"@id":"https:\/\/mercaditoma.com\/#organization"},"potentialAction":[{"@type":"SearchAction","target":{"@type":"EntryPoint","urlTemplate":"https:\/\/mercaditoma.com\/?s={search_term_string}"},"query-input":{"@type":"PropertyValueSpecification","valueRequired":true,"valueName":"search_term_string"}}],"inLanguage":"en-US"},{"@type":"Organization","@id":"https:\/\/mercaditoma.com\/#organization","name":"Manuel Antonio Gastronomic Market","url":"https:\/\/mercaditoma.com\/","logo":{"@type":"ImageObject","inLanguage":"en-US","@id":"https:\/\/mercaditoma.com\/#\/schema\/logo\/image\/","url":"https:\/\/i0.wp.com\/mercaditoma.com\/wp-content\/uploads\/2025\/03\/indio_white_sf-2-1.jpg?fit=300%2C328&ssl=1","contentUrl":"https:\/\/i0.wp.com\/mercaditoma.com\/wp-content\/uploads\/2025\/03\/indio_white_sf-2-1.jpg?fit=300%2C328&ssl=1","width":300,"height":328,"caption":"Mercadito Gastron\u00f3mico Manuel Antonio"},"image":{"@id":"https:\/\/mercaditoma.com\/#\/schema\/logo\/image\/"}}]}},"jetpack_sharing_enabled":true,"_links":{"self":[{"href":"https:\/\/mercaditoma.com\/en\/wp-json\/wp\/v2\/pages\/1877","targetHints":{"allow":["GET"]}}],"collection":[{"href":"https:\/\/mercaditoma.com\/en\/wp-json\/wp\/v2\/pages"}],"about":[{"href":"https:\/\/mercaditoma.com\/en\/wp-json\/wp\/v2\/types\/page"}],"author":[{"embeddable":true,"href":"https:\/\/mercaditoma.com\/en\/wp-json\/wp\/v2\/users\/3"}],"replies":[{"embeddable":true,"href":"https:\/\/mercaditoma.com\/en\/wp-json\/wp\/v2\/comments?post=1877"}],"version-history":[{"count":19,"href":"https:\/\/mercaditoma.com\/en\/wp-json\/wp\/v2\/pages\/1877\/revisions"}],"predecessor-version":[{"id":2317,"href":"https:\/\/mercaditoma.com\/en\/wp-json\/wp\/v2\/pages\/1877\/revisions\/2317"}],"wp:featuredmedia":[{"embeddable":true,"href":"https:\/\/mercaditoma.com\/en\/wp-json\/wp\/v2\/media\/1097"}],"wp:attachment":[{"href":"https:\/\/mercaditoma.com\/en\/wp-json\/wp\/v2\/media?parent=1877"}],"curies":[{"name":"wp","href":"https:\/\/api.w.org\/{rel}","templated":true}]}}